{"id":990,"date":"2026-04-01T09:39:35","date_gmt":"2026-04-01T12:39:35","guid":{"rendered":"https:\/\/amigodoprojeto.com.br\/produto\/curso-de-satisfacao-de-clientes\/"},"modified":"2026-04-04T08:40:16","modified_gmt":"2026-04-04T11:40:16","slug":"curso-de-satisfacao-de-clientes","status":"publish","type":"product","link":"https:\/\/amigodoprojeto.com.br\/?product=curso-de-satisfacao-de-clientes","title":{"rendered":"Curso de Satisfa\u00e7\u00e3o de Clientes"},"content":{"rendered":"<p>Ensina O que \u00e9 ser Cliente, Conhecendo seu Cliente, Tipos de clientes, Entendendo a Necessidade do seu Cliente, Papel do cliente, O Cliente e as M\u00eddias Sociais, Como Fidelizar seus Clientes, Como funciona a mente do cliente?, Transpar\u00eancia e seu Cliente andam Juntos, A sua marca, O que \u00e9 consumidor apaixonado?, Como a Internet pode ajudar?, O que \u00e9 venda?, O que \u00e9 marketing?, Marketing como ferramenta de prospec\u00e7\u00e3o, Processo de decis\u00e3o de compra, Voc\u00ea Pensa com qual Bolso pra Vender?, A import\u00e2ncia do pre\u00e7o na hora da venda, O Cliente quer Comprar um Sonho, Padr\u00f5es psicol\u00f3gicos de comportamento de compra, Agregando valor ao consumidor, Desenvolver v\u00ednculos com clientes, Necessidade de reten\u00e7\u00e3o de clientes, Saber ouvir o cliente, Import\u00e2ncia da pesquisa de satisfa\u00e7\u00e3o e Criando um formul\u00e1rio de pesquisa de satisfa\u00e7\u00e3o. Quem gosta desse curso tamb\u00e9m gosta do Curso de Facebook para Neg\u00f3cios,, Introdu\u00e7\u00e3o ao Canvas, e Intelig\u00eancia de Mercado: An\u00e1lise de Informa\u00e7\u00f5es,.<\/p>\n<p>Sobre a carga hor\u00e1ria:<br \/>\nO curso possui 80 horas de carga hor\u00e1ria. Por\u00e9m, se for conclu\u00eddo antes de 5 dias, passa a ter 10 horas de carga hor\u00e1ria. Conforme nosso contrato e termos de uso.<\/p>\n","protected":false},"excerpt":{"rendered":"<p>Ensina O que \u00e9 ser Cliente, Conhecendo seu Cliente, Tipos de clientes, Entendendo a Necessidade do seu Cliente, Papel do [&hellip;]<\/p>\n","protected":false},"featured_media":0,"comment_status":"open","ping_status":"closed","template":"","meta":{"site-sidebar-layout":"default","site-content-layout":"","ast-site-content-layout":"default","site-content-style":"default","site-sidebar-style":"default","ast-global-header-display":"","ast-banner-title-visibility":"","ast-main-header-display":"","ast-hfb-above-header-display":"","ast-hfb-below-header-display":"","ast-hfb-mobile-header-display":"","site-post-title":"","ast-breadcrumbs-content":"","ast-featured-img":"","footer-sml-layout":"","ast-disable-related-posts":"","theme-transparent-header-meta":"","adv-header-id-meta":"","stick-header-meta":"","header-above-stick-meta":"","header-main-stick-meta":"","header-below-stick-meta":"","astra-migrate-meta-layouts":"default","ast-page-background-enabled":"default","ast-page-background-meta":{"desktop":{"background-color":"var(--ast-global-color-5)","background-image":"","background-repeat":"repeat","background-position":"center center","background-size":"auto","background-attachment":"scroll","background-type":"","background-media":"","overlay-type":"","overlay-color":"","overlay-opacity":"","overlay-gradient":""},"tablet":{"background-color":"","background-image":"","background-repeat":"repeat","background-position":"center center","background-size":"auto","background-attachment":"scroll","background-type":"","background-media":"","overlay-type":"","overlay-color":"","overlay-opacity":"","overlay-gradient":""},"mobile":{"background-color":"","background-image":"","background-repeat":"repeat","background-position":"center center","background-size":"auto","background-attachment":"scroll","background-type":"","background-media":"","overlay-type":"","overlay-color":"","overlay-opacity":"","overlay-gradient":""}},"ast-content-background-meta":{"desktop":{"background-color":"var(--ast-global-color-4)","background-image":"","background-repeat":"repeat","background-position":"center center","background-size":"auto","background-attachment":"scroll","background-type":"","background-media":"","overlay-type":"","overlay-color":"","overlay-opacity":"","overlay-gradient":""},"tablet":{"background-color":"var(--ast-global-color-4)","background-image":"","background-repeat":"repeat","background-position":"center center","background-size":"auto","background-attachment":"scroll","background-type":"","background-media":"","overlay-type":"","overlay-color":"","overlay-opacity":"","overlay-gradient":""},"mobile":{"background-color":"var(--ast-global-color-4)","background-image":"","background-repeat":"repeat","background-position":"center center","background-size":"auto","background-attachment":"scroll","background-type":"","background-media":"","overlay-type":"","overlay-color":"","overlay-opacity":"","overlay-gradient":""}}},"product_brand":[],"product_cat":[17],"product_tag":[],"class_list":{"0":"post-990","1":"product","2":"type-product","3":"status-publish","5":"product_cat-administracao","6":"desktop-align-left","7":"tablet-align-left","8":"mobile-align-left","10":"first","11":"instock","12":"virtual","13":"sold-individually","14":"taxable","15":"purchasable","16":"product-type-simple"},"jetpack_sharing_enabled":true,"_links":{"self":[{"href":"https:\/\/amigodoprojeto.com.br\/index.php?rest_route=\/wp\/v2\/product\/990","targetHints":{"allow":["GET"]}}],"collection":[{"href":"https:\/\/amigodoprojeto.com.br\/index.php?rest_route=\/wp\/v2\/product"}],"about":[{"href":"https:\/\/amigodoprojeto.com.br\/index.php?rest_route=\/wp\/v2\/types\/product"}],"replies":[{"embeddable":true,"href":"https:\/\/amigodoprojeto.com.br\/index.php?rest_route=%2Fwp%2Fv2%2Fcomments&post=990"}],"wp:attachment":[{"href":"https:\/\/amigodoprojeto.com.br\/index.php?rest_route=%2Fwp%2Fv2%2Fmedia&parent=990"}],"wp:term":[{"taxonomy":"product_brand","embeddable":true,"href":"https:\/\/amigodoprojeto.com.br\/index.php?rest_route=%2Fwp%2Fv2%2Fproduct_brand&post=990"},{"taxonomy":"product_cat","embeddable":true,"href":"https:\/\/amigodoprojeto.com.br\/index.php?rest_route=%2Fwp%2Fv2%2Fproduct_cat&post=990"},{"taxonomy":"product_tag","embeddable":true,"href":"https:\/\/amigodoprojeto.com.br\/index.php?rest_route=%2Fwp%2Fv2%2Fproduct_tag&post=990"}],"curies":[{"name":"wp","href":"https:\/\/api.w.org\/{rel}","templated":true}]}}