{"id":979,"date":"2026-04-01T09:39:35","date_gmt":"2026-04-01T12:39:35","guid":{"rendered":"https:\/\/amigodoprojeto.com.br\/produto\/curso-de-rocamboles-caseiros-doce-de-leite-brigadeiro-e-creme\/"},"modified":"2026-04-04T09:02:45","modified_gmt":"2026-04-04T12:02:45","slug":"curso-de-rocamboles-caseiros-doce-de-leite-brigadeiro-e-creme","status":"publish","type":"product","link":"https:\/\/amigodoprojeto.com.br\/?product=curso-de-rocamboles-caseiros-doce-de-leite-brigadeiro-e-creme","title":{"rendered":"Curso de Rocamboles Caseiros: Doce de Leite, Brigadeiro e Creme"},"content":{"rendered":"<p>Apresenta Introdu\u00e7\u00e3o a Rocamboles Caseiros, Os Materiais e Utens\u00edlios Utilizados na Prepara\u00e7\u00e3o dos Rocamboles, Massa para Rocambole B\u00e1sica Branca e Recheios B\u00e1sicos do Rocambole: Doce de Leite, Brigadeiro e Creme. Gostou desse curso? Ent\u00e3o veja tamb\u00e9m o Curso de P\u00e3o de Mel, Alfajor e Palha Italiana,, Culin\u00e1ria Australiana, e Pizza,.<\/p>\n<p>Sobre a carga hor\u00e1ria:<br \/>\nO curso possui 5 horas de carga hor\u00e1ria.<\/p>\n","protected":false},"excerpt":{"rendered":"<p>Apresenta Introdu\u00e7\u00e3o a Rocamboles Caseiros, Os Materiais e Utens\u00edlios Utilizados na Prepara\u00e7\u00e3o dos Rocamboles, Massa para Rocambole B\u00e1sica Branca e [&hellip;]<\/p>\n","protected":false},"featured_media":0,"comment_status":"open","ping_status":"closed","template":"","meta":{"site-sidebar-layout":"default","site-content-layout":"","ast-site-content-layout":"default","site-content-style":"default","site-sidebar-style":"default","ast-global-header-display":"","ast-banner-title-visibility":"","ast-main-header-display":"","ast-hfb-above-header-display":"","ast-hfb-below-header-display":"","ast-hfb-mobile-header-display":"","site-post-title":"","ast-breadcrumbs-content":"","ast-featured-img":"","footer-sml-layout":"","ast-disable-related-posts":"","theme-transparent-header-meta":"","adv-header-id-meta":"","stick-header-meta":"","header-above-stick-meta":"","header-main-stick-meta":"","header-below-stick-meta":"","astra-migrate-meta-layouts":"default","ast-page-background-enabled":"default","ast-page-background-meta":{"desktop":{"background-color":"var(--ast-global-color-5)","background-image":"","background-repeat":"repeat","background-position":"center center","background-size":"auto","background-attachment":"scroll","background-type":"","background-media":"","overlay-type":"","overlay-color":"","overlay-opacity":"","overlay-gradient":""},"tablet":{"background-color":"","background-image":"","background-repeat":"repeat","background-position":"center center","background-size":"auto","background-attachment":"scroll","background-type":"","background-media":"","overlay-type":"","overlay-color":"","overlay-opacity":"","overlay-gradient":""},"mobile":{"background-color":"","background-image":"","background-repeat":"repeat","background-position":"center center","background-size":"auto","background-attachment":"scroll","background-type":"","background-media":"","overlay-type":"","overlay-color":"","overlay-opacity":"","overlay-gradient":""}},"ast-content-background-meta":{"desktop":{"background-color":"var(--ast-global-color-4)","background-image":"","background-repeat":"repeat","background-position":"center center","background-size":"auto","background-attachment":"scroll","background-type":"","background-media":"","overlay-type":"","overlay-color":"","overlay-opacity":"","overlay-gradient":""},"tablet":{"background-color":"var(--ast-global-color-4)","background-image":"","background-repeat":"repeat","background-position":"center center","background-size":"auto","background-attachment":"scroll","background-type":"","background-media":"","overlay-type":"","overlay-color":"","overlay-opacity":"","overlay-gradient":""},"mobile":{"background-color":"var(--ast-global-color-4)","background-image":"","background-repeat":"repeat","background-position":"center center","background-size":"auto","background-attachment":"scroll","background-type":"","background-media":"","overlay-type":"","overlay-color":"","overlay-opacity":"","overlay-gradient":""}}},"product_brand":[],"product_cat":[31],"product_tag":[],"class_list":{"0":"post-979","1":"product","2":"type-product","3":"status-publish","5":"product_cat-doces-e-confeitaria","6":"desktop-align-left","7":"tablet-align-left","8":"mobile-align-left","10":"first","11":"instock","12":"virtual","13":"sold-individually","14":"taxable","15":"purchasable","16":"product-type-simple"},"jetpack_sharing_enabled":true,"_links":{"self":[{"href":"https:\/\/amigodoprojeto.com.br\/index.php?rest_route=\/wp\/v2\/product\/979","targetHints":{"allow":["GET"]}}],"collection":[{"href":"https:\/\/amigodoprojeto.com.br\/index.php?rest_route=\/wp\/v2\/product"}],"about":[{"href":"https:\/\/amigodoprojeto.com.br\/index.php?rest_route=\/wp\/v2\/types\/product"}],"replies":[{"embeddable":true,"href":"https:\/\/amigodoprojeto.com.br\/index.php?rest_route=%2Fwp%2Fv2%2Fcomments&post=979"}],"wp:attachment":[{"href":"https:\/\/amigodoprojeto.com.br\/index.php?rest_route=%2Fwp%2Fv2%2Fmedia&parent=979"}],"wp:term":[{"taxonomy":"product_brand","embeddable":true,"href":"https:\/\/amigodoprojeto.com.br\/index.php?rest_route=%2Fwp%2Fv2%2Fproduct_brand&post=979"},{"taxonomy":"product_cat","embeddable":true,"href":"https:\/\/amigodoprojeto.com.br\/index.php?rest_route=%2Fwp%2Fv2%2Fproduct_cat&post=979"},{"taxonomy":"product_tag","embeddable":true,"href":"https:\/\/amigodoprojeto.com.br\/index.php?rest_route=%2Fwp%2Fv2%2Fproduct_tag&post=979"}],"curies":[{"name":"wp","href":"https:\/\/api.w.org\/{rel}","templated":true}]}}