{"id":946,"date":"2026-04-01T09:39:32","date_gmt":"2026-04-01T12:39:32","guid":{"rendered":"https:\/\/amigodoprojeto.com.br\/produto\/curso-de-psicologia-clinica-na-pratica\/"},"modified":"2026-04-04T09:57:08","modified_gmt":"2026-04-04T12:57:08","slug":"curso-de-psicologia-clinica-na-pratica","status":"publish","type":"product","link":"https:\/\/amigodoprojeto.com.br\/?product=curso-de-psicologia-clinica-na-pratica","title":{"rendered":"Curso de Psicologia Cl\u00ednica na Pr\u00e1tica"},"content":{"rendered":"<p>Aborda elucidar o conceito do que \u00e9 Psicologia Cl\u00ednica, fornecer o hist\u00f3rico do caminho da Psicologia Cl\u00ednica dentro da pr\u00f3pria Psicologia, apresentar conceitos de diferente vertentes te\u00f3ricas do conhecimento em Psicologia Cl\u00ednica, demosntrar diferentes aplica\u00e7\u00f5es dependento da popula\u00e7\u00e3o escolhida, como por exemplo: Psicologia Cl\u00ednica na inf\u00e2ncia e na adolesc\u00eancia ou no envelhecimento ou na fase adulta. E tamb\u00e9m falar sobre os limites e alcances da Psicoterapia e seus mitos e verdades. Quem gosta desse curso tamb\u00e9m gosta do Curso de Terapia Cognitivo Comportamental,, Psicologia do Esporte na Pr\u00e1tica, e Psicologia Social,.<\/p>\n<p>Sobre a carga hor\u00e1ria:<br \/>\nO curso possui 80 horas de carga hor\u00e1ria. Por\u00e9m, se for conclu\u00eddo antes de 5 dias, passa a ter 10 horas de carga hor\u00e1ria. Conforme nosso contrato e termos de uso.<\/p>\n","protected":false},"excerpt":{"rendered":"<p>Aborda elucidar o conceito do que \u00e9 Psicologia Cl\u00ednica, fornecer o hist\u00f3rico do caminho da Psicologia Cl\u00ednica dentro da pr\u00f3pria [&hellip;]<\/p>\n","protected":false},"featured_media":0,"comment_status":"open","ping_status":"closed","template":"","meta":{"site-sidebar-layout":"default","site-content-layout":"","ast-site-content-layout":"default","site-content-style":"default","site-sidebar-style":"default","ast-global-header-display":"","ast-banner-title-visibility":"","ast-main-header-display":"","ast-hfb-above-header-display":"","ast-hfb-below-header-display":"","ast-hfb-mobile-header-display":"","site-post-title":"","ast-breadcrumbs-content":"","ast-featured-img":"","footer-sml-layout":"","ast-disable-related-posts":"","theme-transparent-header-meta":"","adv-header-id-meta":"","stick-header-meta":"","header-above-stick-meta":"","header-main-stick-meta":"","header-below-stick-meta":"","astra-migrate-meta-layouts":"default","ast-page-background-enabled":"default","ast-page-background-meta":{"desktop":{"background-color":"var(--ast-global-color-5)","background-image":"","background-repeat":"repeat","background-position":"center center","background-size":"auto","background-attachment":"scroll","background-type":"","background-media":"","overlay-type":"","overlay-color":"","overlay-opacity":"","overlay-gradient":""},"tablet":{"background-color":"","background-image":"","background-repeat":"repeat","background-position":"center center","background-size":"auto","background-attachment":"scroll","background-type":"","background-media":"","overlay-type":"","overlay-color":"","overlay-opacity":"","overlay-gradient":""},"mobile":{"background-color":"","background-image":"","background-repeat":"repeat","background-position":"center center","background-size":"auto","background-attachment":"scroll","background-type":"","background-media":"","overlay-type":"","overlay-color":"","overlay-opacity":"","overlay-gradient":""}},"ast-content-background-meta":{"desktop":{"background-color":"var(--ast-global-color-4)","background-image":"","background-repeat":"repeat","background-position":"center center","background-size":"auto","background-attachment":"scroll","background-type":"","background-media":"","overlay-type":"","overlay-color":"","overlay-opacity":"","overlay-gradient":""},"tablet":{"background-color":"var(--ast-global-color-4)","background-image":"","background-repeat":"repeat","background-position":"center center","background-size":"auto","background-attachment":"scroll","background-type":"","background-media":"","overlay-type":"","overlay-color":"","overlay-opacity":"","overlay-gradient":""},"mobile":{"background-color":"var(--ast-global-color-4)","background-image":"","background-repeat":"repeat","background-position":"center center","background-size":"auto","background-attachment":"scroll","background-type":"","background-media":"","overlay-type":"","overlay-color":"","overlay-opacity":"","overlay-gradient":""}}},"product_brand":[],"product_cat":[54],"product_tag":[],"class_list":{"0":"post-946","1":"product","2":"type-product","3":"status-publish","5":"product_cat-psicologia","6":"desktop-align-left","7":"tablet-align-left","8":"mobile-align-left","10":"first","11":"instock","12":"virtual","13":"sold-individually","14":"taxable","15":"purchasable","16":"product-type-simple"},"jetpack_sharing_enabled":true,"_links":{"self":[{"href":"https:\/\/amigodoprojeto.com.br\/index.php?rest_route=\/wp\/v2\/product\/946","targetHints":{"allow":["GET"]}}],"collection":[{"href":"https:\/\/amigodoprojeto.com.br\/index.php?rest_route=\/wp\/v2\/product"}],"about":[{"href":"https:\/\/amigodoprojeto.com.br\/index.php?rest_route=\/wp\/v2\/types\/product"}],"replies":[{"embeddable":true,"href":"https:\/\/amigodoprojeto.com.br\/index.php?rest_route=%2Fwp%2Fv2%2Fcomments&post=946"}],"wp:attachment":[{"href":"https:\/\/amigodoprojeto.com.br\/index.php?rest_route=%2Fwp%2Fv2%2Fmedia&parent=946"}],"wp:term":[{"taxonomy":"product_brand","embeddable":true,"href":"https:\/\/amigodoprojeto.com.br\/index.php?rest_route=%2Fwp%2Fv2%2Fproduct_brand&post=946"},{"taxonomy":"product_cat","embeddable":true,"href":"https:\/\/amigodoprojeto.com.br\/index.php?rest_route=%2Fwp%2Fv2%2Fproduct_cat&post=946"},{"taxonomy":"product_tag","embeddable":true,"href":"https:\/\/amigodoprojeto.com.br\/index.php?rest_route=%2Fwp%2Fv2%2Fproduct_tag&post=946"}],"curies":[{"name":"wp","href":"https:\/\/api.w.org\/{rel}","templated":true}]}}