{"id":848,"date":"2026-04-01T09:39:24","date_gmt":"2026-04-01T12:39:24","guid":{"rendered":"https:\/\/amigodoprojeto.com.br\/produto\/curso-de-novas-maneiras-de-ensinar-praticas-para-renovacao\/"},"modified":"2026-04-04T09:05:39","modified_gmt":"2026-04-04T12:05:39","slug":"curso-de-novas-maneiras-de-ensinar-praticas-para-renovacao","status":"publish","type":"product","link":"https:\/\/amigodoprojeto.com.br\/?product=curso-de-novas-maneiras-de-ensinar-praticas-para-renovacao","title":{"rendered":"Curso de Novas Maneiras de Ensinar: Pr\u00e1ticas para Renova\u00e7\u00e3o"},"content":{"rendered":"<p>Apresenta Aluno: O centro da aprendizagem, Mudan\u00e7as na escola, O que \u00e9 uma Escola Inclusiva?, Mudan\u00e7as no cen\u00e1rio cultural, Culturas infantis nos espa\u00e7os escolares, Mudan\u00e7as na Aprendizagem, O Processo de Aprendizagem, Pr\u00e1ticas em Sala de Aula, Import\u00e2ncia da ludicidade para o sujeito, Atividades l\u00fadicas em diversos contextos, Formas de aprendizagem diversas, Classifica\u00e7\u00e3o dos jogos e brincadeiras \u2013 parte I, Classifica\u00e7\u00e3o dos jogos e brincadeiras \u2013 parte II, Educador em transforma\u00e7\u00e3o, Reflex\u00e3o e mudan\u00e7a, Surdez, Reflex\u00e3o sobre a pr\u00e1tica, M\u00e9todos inovadores, Atividades psicomotoras, Atividades psicomotoras, Atividades acad\u00eamicas, Jogos e atividades para interven\u00e7\u00e3o, Atividades para interven\u00e7\u00e3o, Mais atividades de interven\u00e7\u00e3o, Jogo simb\u00f3lico, Jogos online e digitais, Aprendizagem na era digital, Media\u00e7\u00e3o da aprendizagem, Objetivo: desenvolver compet\u00eancias, Evolu\u00e7\u00e3o e novos saberes, A implanta\u00e7\u00e3o de novos curr\u00edculos e Curr\u00edculo e cidadania. Se voc\u00ea se interessou por esse, vai gostar tamb\u00e9m do Curso de Supervis\u00e3o Pedag\u00f3gica,, Atividades L\u00fadicas, e Atividades L\u00fadicas: Atividades Corporais,.<\/p>\n<p>Sobre a carga hor\u00e1ria:<br \/>\nO curso possui 80 horas de carga hor\u00e1ria. Por\u00e9m, se for conclu\u00eddo antes de 5 dias, passa a ter 10 horas de carga hor\u00e1ria. Conforme nosso contrato e termos de uso.<\/p>\n","protected":false},"excerpt":{"rendered":"<p>Apresenta Aluno: O centro da aprendizagem, Mudan\u00e7as na escola, O que \u00e9 uma Escola Inclusiva?, Mudan\u00e7as no cen\u00e1rio cultural, Culturas [&hellip;]<\/p>\n","protected":false},"featured_media":0,"comment_status":"open","ping_status":"closed","template":"","meta":{"site-sidebar-layout":"default","site-content-layout":"","ast-site-content-layout":"default","site-content-style":"default","site-sidebar-style":"default","ast-global-header-display":"","ast-banner-title-visibility":"","ast-main-header-display":"","ast-hfb-above-header-display":"","ast-hfb-below-header-display":"","ast-hfb-mobile-header-display":"","site-post-title":"","ast-breadcrumbs-content":"","ast-featured-img":"","footer-sml-layout":"","ast-disable-related-posts":"","theme-transparent-header-meta":"","adv-header-id-meta":"","stick-header-meta":"","header-above-stick-meta":"","header-main-stick-meta":"","header-below-stick-meta":"","astra-migrate-meta-layouts":"default","ast-page-background-enabled":"default","ast-page-background-meta":{"desktop":{"background-color":"var(--ast-global-color-5)","background-image":"","background-repeat":"repeat","background-position":"center center","background-size":"auto","background-attachment":"scroll","background-type":"","background-media":"","overlay-type":"","overlay-color":"","overlay-opacity":"","overlay-gradient":""},"tablet":{"background-color":"","background-image":"","background-repeat":"repeat","background-position":"center center","background-size":"auto","background-attachment":"scroll","background-type":"","background-media":"","overlay-type":"","overlay-color":"","overlay-opacity":"","overlay-gradient":""},"mobile":{"background-color":"","background-image":"","background-repeat":"repeat","background-position":"center center","background-size":"auto","background-attachment":"scroll","background-type":"","background-media":"","overlay-type":"","overlay-color":"","overlay-opacity":"","overlay-gradient":""}},"ast-content-background-meta":{"desktop":{"background-color":"var(--ast-global-color-4)","background-image":"","background-repeat":"repeat","background-position":"center center","background-size":"auto","background-attachment":"scroll","background-type":"","background-media":"","overlay-type":"","overlay-color":"","overlay-opacity":"","overlay-gradient":""},"tablet":{"background-color":"var(--ast-global-color-4)","background-image":"","background-repeat":"repeat","background-position":"center center","background-size":"auto","background-attachment":"scroll","background-type":"","background-media":"","overlay-type":"","overlay-color":"","overlay-opacity":"","overlay-gradient":""},"mobile":{"background-color":"var(--ast-global-color-4)","background-image":"","background-repeat":"repeat","background-position":"center center","background-size":"auto","background-attachment":"scroll","background-type":"","background-media":"","overlay-type":"","overlay-color":"","overlay-opacity":"","overlay-gradient":""}}},"product_brand":[],"product_cat":[32],"product_tag":[],"class_list":{"0":"post-848","1":"product","2":"type-product","3":"status-publish","5":"product_cat-educacao-e-pedagogia","6":"desktop-align-left","7":"tablet-align-left","8":"mobile-align-left","10":"first","11":"instock","12":"virtual","13":"sold-individually","14":"taxable","15":"purchasable","16":"product-type-simple"},"jetpack_sharing_enabled":true,"_links":{"self":[{"href":"https:\/\/amigodoprojeto.com.br\/index.php?rest_route=\/wp\/v2\/product\/848","targetHints":{"allow":["GET"]}}],"collection":[{"href":"https:\/\/amigodoprojeto.com.br\/index.php?rest_route=\/wp\/v2\/product"}],"about":[{"href":"https:\/\/amigodoprojeto.com.br\/index.php?rest_route=\/wp\/v2\/types\/product"}],"replies":[{"embeddable":true,"href":"https:\/\/amigodoprojeto.com.br\/index.php?rest_route=%2Fwp%2Fv2%2Fcomments&post=848"}],"wp:attachment":[{"href":"https:\/\/amigodoprojeto.com.br\/index.php?rest_route=%2Fwp%2Fv2%2Fmedia&parent=848"}],"wp:term":[{"taxonomy":"product_brand","embeddable":true,"href":"https:\/\/amigodoprojeto.com.br\/index.php?rest_route=%2Fwp%2Fv2%2Fproduct_brand&post=848"},{"taxonomy":"product_cat","embeddable":true,"href":"https:\/\/amigodoprojeto.com.br\/index.php?rest_route=%2Fwp%2Fv2%2Fproduct_cat&post=848"},{"taxonomy":"product_tag","embeddable":true,"href":"https:\/\/amigodoprojeto.com.br\/index.php?rest_route=%2Fwp%2Fv2%2Fproduct_tag&post=848"}],"curies":[{"name":"wp","href":"https:\/\/api.w.org\/{rel}","templated":true}]}}