{"id":782,"date":"2026-04-01T09:39:20","date_gmt":"2026-04-01T12:39:20","guid":{"rendered":"https:\/\/amigodoprojeto.com.br\/produto\/curso-de-maquiagem-profissional-para-noivas-e-festas\/"},"modified":"2026-04-04T09:08:13","modified_gmt":"2026-04-04T12:08:13","slug":"curso-de-maquiagem-profissional-para-noivas-e-festas","status":"publish","type":"product","link":"https:\/\/amigodoprojeto.com.br\/?product=curso-de-maquiagem-profissional-para-noivas-e-festas","title":{"rendered":"Curso de Maquiagem Profissional para Noivas e Festas"},"content":{"rendered":"<p>Ensina todos os passos de prepara\u00e7\u00e3o de pele, luz e sombra, tend\u00eancias de maquiagem, maquiagem para madrinha, noivas, debutantes e para festas dia e noite para os profissionais que j\u00e1 trabalham na \u00e1rea de maquiagem ou para quem quer come\u00e7ar. Se voc\u00ea gostou desse curso vai gostar tamb\u00e9m do Curso de Yoga,, Penteados para Noivas e Festas, e Manicure e Pedicure,.<\/p>\n<p>Sobre a carga hor\u00e1ria:<br \/>\nO curso possui 80 horas de carga hor\u00e1ria. Por\u00e9m, se for conclu\u00eddo antes de 5 dias, passa a ter 10 horas de carga hor\u00e1ria. Conforme nosso contrato e termos de uso.<\/p>\n","protected":false},"excerpt":{"rendered":"<p>Ensina todos os passos de prepara\u00e7\u00e3o de pele, luz e sombra, tend\u00eancias de maquiagem, maquiagem para madrinha, noivas, debutantes e [&hellip;]<\/p>\n","protected":false},"featured_media":0,"comment_status":"open","ping_status":"closed","template":"","meta":{"site-sidebar-layout":"default","site-content-layout":"","ast-site-content-layout":"default","site-content-style":"default","site-sidebar-style":"default","ast-global-header-display":"","ast-banner-title-visibility":"","ast-main-header-display":"","ast-hfb-above-header-display":"","ast-hfb-below-header-display":"","ast-hfb-mobile-header-display":"","site-post-title":"","ast-breadcrumbs-content":"","ast-featured-img":"","footer-sml-layout":"","ast-disable-related-posts":"","theme-transparent-header-meta":"","adv-header-id-meta":"","stick-header-meta":"","header-above-stick-meta":"","header-main-stick-meta":"","header-below-stick-meta":"","astra-migrate-meta-layouts":"default","ast-page-background-enabled":"default","ast-page-background-meta":{"desktop":{"background-color":"var(--ast-global-color-5)","background-image":"","background-repeat":"repeat","background-position":"center center","background-size":"auto","background-attachment":"scroll","background-type":"","background-media":"","overlay-type":"","overlay-color":"","overlay-opacity":"","overlay-gradient":""},"tablet":{"background-color":"","background-image":"","background-repeat":"repeat","background-position":"center center","background-size":"auto","background-attachment":"scroll","background-type":"","background-media":"","overlay-type":"","overlay-color":"","overlay-opacity":"","overlay-gradient":""},"mobile":{"background-color":"","background-image":"","background-repeat":"repeat","background-position":"center center","background-size":"auto","background-attachment":"scroll","background-type":"","background-media":"","overlay-type":"","overlay-color":"","overlay-opacity":"","overlay-gradient":""}},"ast-content-background-meta":{"desktop":{"background-color":"var(--ast-global-color-4)","background-image":"","background-repeat":"repeat","background-position":"center center","background-size":"auto","background-attachment":"scroll","background-type":"","background-media":"","overlay-type":"","overlay-color":"","overlay-opacity":"","overlay-gradient":""},"tablet":{"background-color":"var(--ast-global-color-4)","background-image":"","background-repeat":"repeat","background-position":"center center","background-size":"auto","background-attachment":"scroll","background-type":"","background-media":"","overlay-type":"","overlay-color":"","overlay-opacity":"","overlay-gradient":""},"mobile":{"background-color":"var(--ast-global-color-4)","background-image":"","background-repeat":"repeat","background-position":"center center","background-size":"auto","background-attachment":"scroll","background-type":"","background-media":"","overlay-type":"","overlay-color":"","overlay-opacity":"","overlay-gradient":""}}},"product_brand":[],"product_cat":[35],"product_tag":[],"class_list":{"0":"post-782","1":"product","2":"type-product","3":"status-publish","5":"product_cat-estetica-e-beleza","6":"desktop-align-left","7":"tablet-align-left","8":"mobile-align-left","10":"first","11":"instock","12":"virtual","13":"sold-individually","14":"taxable","15":"purchasable","16":"product-type-simple"},"jetpack_sharing_enabled":true,"_links":{"self":[{"href":"https:\/\/amigodoprojeto.com.br\/index.php?rest_route=\/wp\/v2\/product\/782","targetHints":{"allow":["GET"]}}],"collection":[{"href":"https:\/\/amigodoprojeto.com.br\/index.php?rest_route=\/wp\/v2\/product"}],"about":[{"href":"https:\/\/amigodoprojeto.com.br\/index.php?rest_route=\/wp\/v2\/types\/product"}],"replies":[{"embeddable":true,"href":"https:\/\/amigodoprojeto.com.br\/index.php?rest_route=%2Fwp%2Fv2%2Fcomments&post=782"}],"wp:attachment":[{"href":"https:\/\/amigodoprojeto.com.br\/index.php?rest_route=%2Fwp%2Fv2%2Fmedia&parent=782"}],"wp:term":[{"taxonomy":"product_brand","embeddable":true,"href":"https:\/\/amigodoprojeto.com.br\/index.php?rest_route=%2Fwp%2Fv2%2Fproduct_brand&post=782"},{"taxonomy":"product_cat","embeddable":true,"href":"https:\/\/amigodoprojeto.com.br\/index.php?rest_route=%2Fwp%2Fv2%2Fproduct_cat&post=782"},{"taxonomy":"product_tag","embeddable":true,"href":"https:\/\/amigodoprojeto.com.br\/index.php?rest_route=%2Fwp%2Fv2%2Fproduct_tag&post=782"}],"curies":[{"name":"wp","href":"https:\/\/api.w.org\/{rel}","templated":true}]}}