{"id":731,"date":"2026-04-01T09:39:16","date_gmt":"2026-04-01T12:39:16","guid":{"rendered":"https:\/\/amigodoprojeto.com.br\/produto\/curso-de-introducao-para-como-falar-em-publico\/"},"modified":"2026-04-04T08:57:02","modified_gmt":"2026-04-04T11:57:02","slug":"curso-de-introducao-para-como-falar-em-publico","status":"publish","type":"product","link":"https:\/\/amigodoprojeto.com.br\/?product=curso-de-introducao-para-como-falar-em-publico","title":{"rendered":"Curso de Introdu\u00e7\u00e3o para Como Falar em P\u00fablico"},"content":{"rendered":"<p>Apresenta O processo de comunica\u00e7\u00e3o , Amplie seu vocabul\u00e1rio, Domine o assunto, Ortografia e gram\u00e1tica, Ru\u00eddo na comunica\u00e7\u00e3o, Sotaques e regionalismos, Come\u00e7o, meio e fim, Tiques na fala e nos gestos, Termos que se deve evitar e Avalia\u00e7\u00e3o: Ajustes. Outros cursos que podem ser interessante: Curso de Sommelier,, El\u00e9trica Residencial B\u00e1sica na Pr\u00e1tica, e Intelig\u00eancia Emocional,.<\/p>\n<p>Sobre a carga hor\u00e1ria:<br \/>\nO curso possui 10 horas de carga hor\u00e1ria.<\/p>\n","protected":false},"excerpt":{"rendered":"<p>Apresenta O processo de comunica\u00e7\u00e3o , Amplie seu vocabul\u00e1rio, Domine o assunto, Ortografia e gram\u00e1tica, Ru\u00eddo na comunica\u00e7\u00e3o, Sotaques e [&hellip;]<\/p>\n","protected":false},"featured_media":0,"comment_status":"open","ping_status":"closed","template":"","meta":{"site-sidebar-layout":"default","site-content-layout":"","ast-site-content-layout":"default","site-content-style":"default","site-sidebar-style":"default","ast-global-header-display":"","ast-banner-title-visibility":"","ast-main-header-display":"","ast-hfb-above-header-display":"","ast-hfb-below-header-display":"","ast-hfb-mobile-header-display":"","site-post-title":"","ast-breadcrumbs-content":"","ast-featured-img":"","footer-sml-layout":"","ast-disable-related-posts":"","theme-transparent-header-meta":"","adv-header-id-meta":"","stick-header-meta":"","header-above-stick-meta":"","header-main-stick-meta":"","header-below-stick-meta":"","astra-migrate-meta-layouts":"default","ast-page-background-enabled":"default","ast-page-background-meta":{"desktop":{"background-color":"var(--ast-global-color-5)","background-image":"","background-repeat":"repeat","background-position":"center center","background-size":"auto","background-attachment":"scroll","background-type":"","background-media":"","overlay-type":"","overlay-color":"","overlay-opacity":"","overlay-gradient":""},"tablet":{"background-color":"","background-image":"","background-repeat":"repeat","background-position":"center center","background-size":"auto","background-attachment":"scroll","background-type":"","background-media":"","overlay-type":"","overlay-color":"","overlay-opacity":"","overlay-gradient":""},"mobile":{"background-color":"","background-image":"","background-repeat":"repeat","background-position":"center center","background-size":"auto","background-attachment":"scroll","background-type":"","background-media":"","overlay-type":"","overlay-color":"","overlay-opacity":"","overlay-gradient":""}},"ast-content-background-meta":{"desktop":{"background-color":"var(--ast-global-color-4)","background-image":"","background-repeat":"repeat","background-position":"center center","background-size":"auto","background-attachment":"scroll","background-type":"","background-media":"","overlay-type":"","overlay-color":"","overlay-opacity":"","overlay-gradient":""},"tablet":{"background-color":"var(--ast-global-color-4)","background-image":"","background-repeat":"repeat","background-position":"center center","background-size":"auto","background-attachment":"scroll","background-type":"","background-media":"","overlay-type":"","overlay-color":"","overlay-opacity":"","overlay-gradient":""},"mobile":{"background-color":"var(--ast-global-color-4)","background-image":"","background-repeat":"repeat","background-position":"center center","background-size":"auto","background-attachment":"scroll","background-type":"","background-media":"","overlay-type":"","overlay-color":"","overlay-opacity":"","overlay-gradient":""}}},"product_brand":[],"product_cat":[25],"product_tag":[],"class_list":{"0":"post-731","1":"product","2":"type-product","3":"status-publish","5":"product_cat-cotidiano","6":"desktop-align-left","7":"tablet-align-left","8":"mobile-align-left","10":"first","11":"instock","12":"virtual","13":"sold-individually","14":"taxable","15":"purchasable","16":"product-type-simple"},"jetpack_sharing_enabled":true,"_links":{"self":[{"href":"https:\/\/amigodoprojeto.com.br\/index.php?rest_route=\/wp\/v2\/product\/731","targetHints":{"allow":["GET"]}}],"collection":[{"href":"https:\/\/amigodoprojeto.com.br\/index.php?rest_route=\/wp\/v2\/product"}],"about":[{"href":"https:\/\/amigodoprojeto.com.br\/index.php?rest_route=\/wp\/v2\/types\/product"}],"replies":[{"embeddable":true,"href":"https:\/\/amigodoprojeto.com.br\/index.php?rest_route=%2Fwp%2Fv2%2Fcomments&post=731"}],"wp:attachment":[{"href":"https:\/\/amigodoprojeto.com.br\/index.php?rest_route=%2Fwp%2Fv2%2Fmedia&parent=731"}],"wp:term":[{"taxonomy":"product_brand","embeddable":true,"href":"https:\/\/amigodoprojeto.com.br\/index.php?rest_route=%2Fwp%2Fv2%2Fproduct_brand&post=731"},{"taxonomy":"product_cat","embeddable":true,"href":"https:\/\/amigodoprojeto.com.br\/index.php?rest_route=%2Fwp%2Fv2%2Fproduct_cat&post=731"},{"taxonomy":"product_tag","embeddable":true,"href":"https:\/\/amigodoprojeto.com.br\/index.php?rest_route=%2Fwp%2Fv2%2Fproduct_tag&post=731"}],"curies":[{"name":"wp","href":"https:\/\/api.w.org\/{rel}","templated":true}]}}