{"id":362,"date":"2026-04-01T09:38:50","date_gmt":"2026-04-01T12:38:50","guid":{"rendered":"https:\/\/amigodoprojeto.com.br\/produto\/curso-de-direito-processual-penal\/"},"modified":"2026-04-04T09:01:54","modified_gmt":"2026-04-04T12:01:54","slug":"curso-de-direito-processual-penal","status":"publish","type":"product","link":"https:\/\/amigodoprojeto.com.br\/?product=curso-de-direito-processual-penal","title":{"rendered":"Curso de Direito Processual Penal"},"content":{"rendered":"<p>Voc\u00ea aprender\u00e1 sobre os sistemas processuais, como utilizar os princ\u00edpios, etapas do inqu\u00e9rito policial, condi\u00e7\u00f5es da a\u00e7\u00e3o penal, sistema de avalia\u00e7\u00e3o das provas, tipos de pris\u00f5es, medidas cautelares, acordo de n\u00e3o persecu\u00e7\u00e3o penal, efeitos da senten\u00e7a, habeas corpus e muito mais. Quem gosta desse curso tamb\u00e9m gosta do Curso de Direito internacional,, Direito Civil: Conceito, e Direito Internacional: Tratados,.<\/p>\n<p>Sobre a carga hor\u00e1ria:<br \/>\nO curso possui 80 horas de carga hor\u00e1ria. Por\u00e9m, se for conclu\u00eddo antes de 5 dias, passa a ter 10 horas de carga hor\u00e1ria. Conforme nosso contrato e termos de uso.<\/p>\n","protected":false},"excerpt":{"rendered":"<p>Voc\u00ea aprender\u00e1 sobre os sistemas processuais, como utilizar os princ\u00edpios, etapas do inqu\u00e9rito policial, condi\u00e7\u00f5es da a\u00e7\u00e3o penal, sistema de [&hellip;]<\/p>\n","protected":false},"featured_media":0,"comment_status":"open","ping_status":"closed","template":"","meta":{"site-sidebar-layout":"default","site-content-layout":"","ast-site-content-layout":"default","site-content-style":"default","site-sidebar-style":"default","ast-global-header-display":"","ast-banner-title-visibility":"","ast-main-header-display":"","ast-hfb-above-header-display":"","ast-hfb-below-header-display":"","ast-hfb-mobile-header-display":"","site-post-title":"","ast-breadcrumbs-content":"","ast-featured-img":"","footer-sml-layout":"","ast-disable-related-posts":"","theme-transparent-header-meta":"","adv-header-id-meta":"","stick-header-meta":"","header-above-stick-meta":"","header-main-stick-meta":"","header-below-stick-meta":"","astra-migrate-meta-layouts":"default","ast-page-background-enabled":"default","ast-page-background-meta":{"desktop":{"background-color":"var(--ast-global-color-5)","background-image":"","background-repeat":"repeat","background-position":"center center","background-size":"auto","background-attachment":"scroll","background-type":"","background-media":"","overlay-type":"","overlay-color":"","overlay-opacity":"","overlay-gradient":""},"tablet":{"background-color":"","background-image":"","background-repeat":"repeat","background-position":"center center","background-size":"auto","background-attachment":"scroll","background-type":"","background-media":"","overlay-type":"","overlay-color":"","overlay-opacity":"","overlay-gradient":""},"mobile":{"background-color":"","background-image":"","background-repeat":"repeat","background-position":"center center","background-size":"auto","background-attachment":"scroll","background-type":"","background-media":"","overlay-type":"","overlay-color":"","overlay-opacity":"","overlay-gradient":""}},"ast-content-background-meta":{"desktop":{"background-color":"var(--ast-global-color-4)","background-image":"","background-repeat":"repeat","background-position":"center center","background-size":"auto","background-attachment":"scroll","background-type":"","background-media":"","overlay-type":"","overlay-color":"","overlay-opacity":"","overlay-gradient":""},"tablet":{"background-color":"var(--ast-global-color-4)","background-image":"","background-repeat":"repeat","background-position":"center center","background-size":"auto","background-attachment":"scroll","background-type":"","background-media":"","overlay-type":"","overlay-color":"","overlay-opacity":"","overlay-gradient":""},"mobile":{"background-color":"var(--ast-global-color-4)","background-image":"","background-repeat":"repeat","background-position":"center center","background-size":"auto","background-attachment":"scroll","background-type":"","background-media":"","overlay-type":"","overlay-color":"","overlay-opacity":"","overlay-gradient":""}}},"product_brand":[],"product_cat":[30],"product_tag":[],"class_list":{"0":"post-362","1":"product","2":"type-product","3":"status-publish","5":"product_cat-direito","6":"desktop-align-left","7":"tablet-align-left","8":"mobile-align-left","10":"first","11":"instock","12":"virtual","13":"sold-individually","14":"taxable","15":"purchasable","16":"product-type-simple"},"jetpack_sharing_enabled":true,"_links":{"self":[{"href":"https:\/\/amigodoprojeto.com.br\/index.php?rest_route=\/wp\/v2\/product\/362","targetHints":{"allow":["GET"]}}],"collection":[{"href":"https:\/\/amigodoprojeto.com.br\/index.php?rest_route=\/wp\/v2\/product"}],"about":[{"href":"https:\/\/amigodoprojeto.com.br\/index.php?rest_route=\/wp\/v2\/types\/product"}],"replies":[{"embeddable":true,"href":"https:\/\/amigodoprojeto.com.br\/index.php?rest_route=%2Fwp%2Fv2%2Fcomments&post=362"}],"wp:attachment":[{"href":"https:\/\/amigodoprojeto.com.br\/index.php?rest_route=%2Fwp%2Fv2%2Fmedia&parent=362"}],"wp:term":[{"taxonomy":"product_brand","embeddable":true,"href":"https:\/\/amigodoprojeto.com.br\/index.php?rest_route=%2Fwp%2Fv2%2Fproduct_brand&post=362"},{"taxonomy":"product_cat","embeddable":true,"href":"https:\/\/amigodoprojeto.com.br\/index.php?rest_route=%2Fwp%2Fv2%2Fproduct_cat&post=362"},{"taxonomy":"product_tag","embeddable":true,"href":"https:\/\/amigodoprojeto.com.br\/index.php?rest_route=%2Fwp%2Fv2%2Fproduct_tag&post=362"}],"curies":[{"name":"wp","href":"https:\/\/api.w.org\/{rel}","templated":true}]}}