{"id":328,"date":"2026-04-01T09:38:48","date_gmt":"2026-04-01T12:38:48","guid":{"rendered":"https:\/\/amigodoprojeto.com.br\/produto\/curso-de-desenvolvimento-gerencial-e-gestao-por-competencias\/"},"modified":"2026-04-04T08:40:17","modified_gmt":"2026-04-04T11:40:17","slug":"curso-de-desenvolvimento-gerencial-e-gestao-por-competencias","status":"publish","type":"product","link":"https:\/\/amigodoprojeto.com.br\/?product=curso-de-desenvolvimento-gerencial-e-gestao-por-competencias","title":{"rendered":"Curso de Desenvolvimento Gerencial e Gest\u00e3o por Compet\u00eancias"},"content":{"rendered":"<p>Apresenta Gest\u00e3o por Compet\u00eancia &#8211; Parte 1, Gest\u00e3o por Compet\u00eancia &#8211; Parte 2, Ciclo do desempenho, Quem pode gerir uma equipe, Gest\u00e3o de equipe x Lideran\u00e7a, Dividindo pap\u00e9is e responsabilidades, Entendendo o contexto de neg\u00f3cio, Definindo os objetivos da equipe, Alinhando objetivos, Estabelecendo vis\u00e3o de longo prazo, Desdobrando em etapas e prazos, Dividindo o trabalho, Esclarecendo fun\u00e7\u00f5es e atividades, Determinando entregas, Estabelecendo prazos, Estabelecendo padr\u00e3o de qualidade, Combinando forma de acompanhamento, Realizando revis\u00f5es intermedi\u00e1rias, Como fazer a valida\u00e7\u00e3o final, Como sugerir altera\u00e7\u00f5es, Conceito de Avalia\u00e7\u00e3o de Desempenho por Compet\u00eancias &#8211; Parte 1, Conceito de Avalia\u00e7\u00e3o de Desempenho por Compet\u00eancias &#8211; Parte 2, Import\u00e2ncia da Avalia\u00e7\u00e3o &#8211; Parte 1, Import\u00e2ncia da Avalia\u00e7\u00e3o &#8211; Parte 2, Etapas da Avalia\u00e7\u00e3o &#8211; Parte 1, Etapas da Avalia\u00e7\u00e3o &#8211; Parte 2, Tipos de Avalia\u00e7\u00e3o &#8211; Parte 1, Tipos de Avalia\u00e7\u00e3o &#8211; Parte 2, Mapeamento de Compet\u00eancias \u2013 Parte 1, Mapeamento de Compet\u00eancias \u2013 Parte 2, Sensibiliza\u00e7\u00e3o e Conscientiza\u00e7\u00e3o dos Participantes \u2013 Parte 1, Sensibiliza\u00e7\u00e3o e Conscientiza\u00e7\u00e3o dos Participantes \u2013 Parte 2, Formul\u00e1rio Pr\u00e1tico da Avalia\u00e7\u00e3o \u2013 Parte 1, Formul\u00e1rio Pr\u00e1tico da Avalia\u00e7\u00e3o \u2013 Parte 2, Mensura\u00e7\u00e3o dos Resultados &#8211; Parte 1, Mensura\u00e7\u00e3o dos Resultados &#8211; Parte 2, Feedback dos Resultados \u2013 Parte 1, Feedback dos Resultados Parte 2, Por que Adotar Crit\u00e9rios de Avalia\u00e7\u00e3o? \u2013 Parte 1, Por que Adotar Crit\u00e9rios de Avalia\u00e7\u00e3o? \u2013 Parte 2, Resultados Esperados \u2013 Parte 1, Resultados Esperados \u2013 Parte 2, Conhecendo formas de motivar, Como reconhecer comportamentos, Como corrigir presencialmente, Como corrigir \u00e0 dist\u00e2ncia, Plano de Melhoria Cont\u00ednua &#8211; Parte 1, Plano de Melhoria Cont\u00ednua \u2013 Parte 2, Engajamento cont\u00ednuo da equipe e Utilizando desempenho para engajar. Se voc\u00ea se interessou por esse, vai gostar tamb\u00e9m do Curso de Gerenciamento da Mudan\u00e7a,, Estrat\u00e9gia de Avalia\u00e7\u00e3o de Pessoas: Introdu\u00e7\u00e3o, e Introdu\u00e7\u00e3o ao eSocial,.<\/p>\n<p>Sobre a carga hor\u00e1ria:<br \/>\nO curso possui 80 horas de carga hor\u00e1ria. Por\u00e9m, se for conclu\u00eddo antes de 5 dias, passa a ter 10 horas de carga hor\u00e1ria. Conforme nosso contrato e termos de uso.<\/p>\n","protected":false},"excerpt":{"rendered":"<p>Apresenta Gest\u00e3o por Compet\u00eancia &#8211; Parte 1, Gest\u00e3o por Compet\u00eancia &#8211; Parte 2, Ciclo do desempenho, Quem pode gerir uma [&hellip;]<\/p>\n","protected":false},"featured_media":0,"comment_status":"open","ping_status":"closed","template":"","meta":{"site-sidebar-layout":"default","site-content-layout":"","ast-site-content-layout":"default","site-content-style":"default","site-sidebar-style":"default","ast-global-header-display":"","ast-banner-title-visibility":"","ast-main-header-display":"","ast-hfb-above-header-display":"","ast-hfb-below-header-display":"","ast-hfb-mobile-header-display":"","site-post-title":"","ast-breadcrumbs-content":"","ast-featured-img":"","footer-sml-layout":"","ast-disable-related-posts":"","theme-transparent-header-meta":"","adv-header-id-meta":"","stick-header-meta":"","header-above-stick-meta":"","header-main-stick-meta":"","header-below-stick-meta":"","astra-migrate-meta-layouts":"default","ast-page-background-enabled":"default","ast-page-background-meta":{"desktop":{"background-color":"var(--ast-global-color-5)","background-image":"","background-repeat":"repeat","background-position":"center center","background-size":"auto","background-attachment":"scroll","background-type":"","background-media":"","overlay-type":"","overlay-color":"","overlay-opacity":"","overlay-gradient":""},"tablet":{"background-color":"","background-image":"","background-repeat":"repeat","background-position":"center center","background-size":"auto","background-attachment":"scroll","background-type":"","background-media":"","overlay-type":"","overlay-color":"","overlay-opacity":"","overlay-gradient":""},"mobile":{"background-color":"","background-image":"","background-repeat":"repeat","background-position":"center center","background-size":"auto","background-attachment":"scroll","background-type":"","background-media":"","overlay-type":"","overlay-color":"","overlay-opacity":"","overlay-gradient":""}},"ast-content-background-meta":{"desktop":{"background-color":"var(--ast-global-color-4)","background-image":"","background-repeat":"repeat","background-position":"center center","background-size":"auto","background-attachment":"scroll","background-type":"","background-media":"","overlay-type":"","overlay-color":"","overlay-opacity":"","overlay-gradient":""},"tablet":{"background-color":"var(--ast-global-color-4)","background-image":"","background-repeat":"repeat","background-position":"center center","background-size":"auto","background-attachment":"scroll","background-type":"","background-media":"","overlay-type":"","overlay-color":"","overlay-opacity":"","overlay-gradient":""},"mobile":{"background-color":"var(--ast-global-color-4)","background-image":"","background-repeat":"repeat","background-position":"center center","background-size":"auto","background-attachment":"scroll","background-type":"","background-media":"","overlay-type":"","overlay-color":"","overlay-opacity":"","overlay-gradient":""}}},"product_brand":[],"product_cat":[17],"product_tag":[],"class_list":{"0":"post-328","1":"product","2":"type-product","3":"status-publish","5":"product_cat-administracao","6":"desktop-align-left","7":"tablet-align-left","8":"mobile-align-left","10":"first","11":"instock","12":"virtual","13":"sold-individually","14":"taxable","15":"purchasable","16":"product-type-simple"},"jetpack_sharing_enabled":true,"_links":{"self":[{"href":"https:\/\/amigodoprojeto.com.br\/index.php?rest_route=\/wp\/v2\/product\/328","targetHints":{"allow":["GET"]}}],"collection":[{"href":"https:\/\/amigodoprojeto.com.br\/index.php?rest_route=\/wp\/v2\/product"}],"about":[{"href":"https:\/\/amigodoprojeto.com.br\/index.php?rest_route=\/wp\/v2\/types\/product"}],"replies":[{"embeddable":true,"href":"https:\/\/amigodoprojeto.com.br\/index.php?rest_route=%2Fwp%2Fv2%2Fcomments&post=328"}],"wp:attachment":[{"href":"https:\/\/amigodoprojeto.com.br\/index.php?rest_route=%2Fwp%2Fv2%2Fmedia&parent=328"}],"wp:term":[{"taxonomy":"product_brand","embeddable":true,"href":"https:\/\/amigodoprojeto.com.br\/index.php?rest_route=%2Fwp%2Fv2%2Fproduct_brand&post=328"},{"taxonomy":"product_cat","embeddable":true,"href":"https:\/\/amigodoprojeto.com.br\/index.php?rest_route=%2Fwp%2Fv2%2Fproduct_cat&post=328"},{"taxonomy":"product_tag","embeddable":true,"href":"https:\/\/amigodoprojeto.com.br\/index.php?rest_route=%2Fwp%2Fv2%2Fproduct_tag&post=328"}],"curies":[{"name":"wp","href":"https:\/\/api.w.org\/{rel}","templated":true}]}}