{"id":204,"date":"2026-04-01T09:38:40","date_gmt":"2026-04-01T12:38:40","guid":{"rendered":"https:\/\/amigodoprojeto.com.br\/produto\/curso-de-como-melhorar-o-relacionamento-interpessoal\/"},"modified":"2026-04-04T10:05:24","modified_gmt":"2026-04-04T13:05:24","slug":"curso-de-como-melhorar-o-relacionamento-interpessoal","status":"publish","type":"product","link":"https:\/\/amigodoprojeto.com.br\/?product=curso-de-como-melhorar-o-relacionamento-interpessoal","title":{"rendered":"Curso de Como Melhorar o Relacionamento Interpessoal"},"content":{"rendered":"<p>Voc\u00ea aprende O que \u00e9 marketing pessoal? , Rela\u00e7\u00f5es interpessoais no trabalho, Compet\u00eancia, Processo de cria\u00e7\u00e3o de imagem, A import\u00e2ncia do feedback, Como voc\u00ea se v\u00ea? , Autoimagem e autoestima, Raio x da autoimagem, A primeira impress\u00e3o, A roupa certa para cada ocasi\u00e3o, Como tratar as pessoas, Comunique-se, O processo de comunica\u00e7\u00e3o , Amplie seu vocabul\u00e1rio, Comunica\u00e7\u00e3o Assertiva, Dicas de assertividade, Regras para bem viver, Bomba rel\u00f3gio do comportamento, Medo de se expor ao falar em p\u00fablico, Medo de falar em p\u00fablico, Ouvir para falar bem, O corpo fala, Sua performance, Mantenha-se vis\u00edvel, O que \u00e9 networking, Construindo seu networking, Intelig\u00eancia Emocional e seus Conceitos, Intelig\u00eancia Emocional e a Vida Cotidiana, Intelig\u00eancia Emocional no Trabalho, Tristeza e Raiva, Intelig\u00eancia Emocional e a Tomada de Decis\u00f5es e Conex\u00e3o entre Raz\u00e3o e Emo\u00e7\u00e3o. Quem viu esse curso tamb\u00e9m gostou do Curso de Consultoria de Moda,, Introdu\u00e7\u00e3o \u00e0 Intelig\u00eancia Emocional, e El\u00e9trica Residencial B\u00e1sica na Pr\u00e1tica,.<\/p>\n<p>Sobre a carga hor\u00e1ria:<br \/>\nO curso possui 80 horas de carga hor\u00e1ria. Por\u00e9m, se for conclu\u00eddo antes de 5 dias, passa a ter 10 horas de carga hor\u00e1ria. Conforme nosso contrato e termos de uso.<\/p>\n","protected":false},"excerpt":{"rendered":"<p>Voc\u00ea aprende O que \u00e9 marketing pessoal? , Rela\u00e7\u00f5es interpessoais no trabalho, Compet\u00eancia, Processo de cria\u00e7\u00e3o de imagem, A import\u00e2ncia [&hellip;]<\/p>\n","protected":false},"featured_media":0,"comment_status":"open","ping_status":"closed","template":"","meta":{"site-sidebar-layout":"default","site-content-layout":"","ast-site-content-layout":"default","site-content-style":"default","site-sidebar-style":"default","ast-global-header-display":"","ast-banner-title-visibility":"","ast-main-header-display":"","ast-hfb-above-header-display":"","ast-hfb-below-header-display":"","ast-hfb-mobile-header-display":"","site-post-title":"","ast-breadcrumbs-content":"","ast-featured-img":"","footer-sml-layout":"","ast-disable-related-posts":"","theme-transparent-header-meta":"","adv-header-id-meta":"","stick-header-meta":"","header-above-stick-meta":"","header-main-stick-meta":"","header-below-stick-meta":"","astra-migrate-meta-layouts":"default","ast-page-background-enabled":"default","ast-page-background-meta":{"desktop":{"background-color":"var(--ast-global-color-5)","background-image":"","background-repeat":"repeat","background-position":"center center","background-size":"auto","background-attachment":"scroll","background-type":"","background-media":"","overlay-type":"","overlay-color":"","overlay-opacity":"","overlay-gradient":""},"tablet":{"background-color":"","background-image":"","background-repeat":"repeat","background-position":"center center","background-size":"auto","background-attachment":"scroll","background-type":"","background-media":"","overlay-type":"","overlay-color":"","overlay-opacity":"","overlay-gradient":""},"mobile":{"background-color":"","background-image":"","background-repeat":"repeat","background-position":"center center","background-size":"auto","background-attachment":"scroll","background-type":"","background-media":"","overlay-type":"","overlay-color":"","overlay-opacity":"","overlay-gradient":""}},"ast-content-background-meta":{"desktop":{"background-color":"var(--ast-global-color-4)","background-image":"","background-repeat":"repeat","background-position":"center center","background-size":"auto","background-attachment":"scroll","background-type":"","background-media":"","overlay-type":"","overlay-color":"","overlay-opacity":"","overlay-gradient":""},"tablet":{"background-color":"var(--ast-global-color-4)","background-image":"","background-repeat":"repeat","background-position":"center center","background-size":"auto","background-attachment":"scroll","background-type":"","background-media":"","overlay-type":"","overlay-color":"","overlay-opacity":"","overlay-gradient":""},"mobile":{"background-color":"var(--ast-global-color-4)","background-image":"","background-repeat":"repeat","background-position":"center center","background-size":"auto","background-attachment":"scroll","background-type":"","background-media":"","overlay-type":"","overlay-color":"","overlay-opacity":"","overlay-gradient":""}}},"product_brand":[],"product_cat":[55],"product_tag":[],"class_list":{"0":"post-204","1":"product","2":"type-product","3":"status-publish","5":"product_cat-publicidade-e-marketing","6":"desktop-align-left","7":"tablet-align-left","8":"mobile-align-left","10":"first","11":"instock","12":"virtual","13":"sold-individually","14":"taxable","15":"purchasable","16":"product-type-simple"},"jetpack_sharing_enabled":true,"_links":{"self":[{"href":"https:\/\/amigodoprojeto.com.br\/index.php?rest_route=\/wp\/v2\/product\/204","targetHints":{"allow":["GET"]}}],"collection":[{"href":"https:\/\/amigodoprojeto.com.br\/index.php?rest_route=\/wp\/v2\/product"}],"about":[{"href":"https:\/\/amigodoprojeto.com.br\/index.php?rest_route=\/wp\/v2\/types\/product"}],"replies":[{"embeddable":true,"href":"https:\/\/amigodoprojeto.com.br\/index.php?rest_route=%2Fwp%2Fv2%2Fcomments&post=204"}],"wp:attachment":[{"href":"https:\/\/amigodoprojeto.com.br\/index.php?rest_route=%2Fwp%2Fv2%2Fmedia&parent=204"}],"wp:term":[{"taxonomy":"product_brand","embeddable":true,"href":"https:\/\/amigodoprojeto.com.br\/index.php?rest_route=%2Fwp%2Fv2%2Fproduct_brand&post=204"},{"taxonomy":"product_cat","embeddable":true,"href":"https:\/\/amigodoprojeto.com.br\/index.php?rest_route=%2Fwp%2Fv2%2Fproduct_cat&post=204"},{"taxonomy":"product_tag","embeddable":true,"href":"https:\/\/amigodoprojeto.com.br\/index.php?rest_route=%2Fwp%2Fv2%2Fproduct_tag&post=204"}],"curies":[{"name":"wp","href":"https:\/\/api.w.org\/{rel}","templated":true}]}}